{"id":823,"date":"2025-07-16T13:57:24","date_gmt":"2025-07-16T13:57:24","guid":{"rendered":"https:\/\/www.fundaciondijargentina.org\/?page_id=823"},"modified":"2025-07-16T14:04:50","modified_gmt":"2025-07-16T14:04:50","slug":"la-universidad-de-yale-se-une-a-nuestro-proyecto","status":"publish","type":"page","link":"https:\/\/www.fundaciondijargentina.org\/en\/la-universidad-de-yale-se-une-a-nuestro-proyecto\/","title":{"rendered":"\u00a1La Universidad de Yale se une a nuestro proyecto!"},"content":{"rendered":"<p class=\"has-medium-font-size\">El s\u00e1bado 26 de julio, llega a Jujuy una delegaci\u00f3n de 41 exalumnos de la Universidad de Yale junto a sus familias para colaborar en un fascinante proyecto en Humahuaca. Invitamos a todos los juje\u00f1os interesados a participar en esta iniciativa que abre las puertas a la econom\u00eda del conocimiento.<\/p>\n\n\n\n<div class=\"wp-block-uagb-image uagb-block-ee3c908f wp-block-uagb-image--layout-default wp-block-uagb-image--effect-static wp-block-uagb-image--align-none\"><figure class=\"wp-block-uagb-image__figure\"><img data-recalc-dims=\"1\" decoding=\"async\" srcset=\"https:\/\/www.fundaciondijargentina.org\/wp-content\/uploads\/2025\/07\/image-1-1024x341.jpeg ,https:\/\/www.fundaciondijargentina.org\/wp-content\/uploads\/2025\/07\/image-1.jpeg 780w, https:\/\/www.fundaciondijargentina.org\/wp-content\/uploads\/2025\/07\/image-1.jpeg 360w\" sizes=\"auto, (max-width: 480px) 150px\" src=\"https:\/\/i0.wp.com\/www.fundaciondijargentina.org\/wp-content\/uploads\/2025\/07\/image-1.jpeg?resize=1024%2C341&#038;ssl=1\" alt=\"\" class=\"uag-image-800\" width=\"1024\" height=\"341\" title=\"image (1)\" loading=\"lazy\" role=\"img\"\/><\/figure><\/div>\n\n\n\n<div style=\"height:30px\" aria-hidden=\"true\" class=\"wp-block-spacer\"><\/div>\n\n\n\n<p class=\"has-medium-font-size\">Estos exalumnos incluyen brillantes empresarios, inversores, m\u00e9dicos y otras personas sumamente exitosas y talentosas que dedican su tiempo libre a ayudar a comunidades de todo el mundo. Los hemos convencido de que la mejor ayuda es la educaci\u00f3n, para que nuestros j\u00f3venes puedan forjarse un futuro brillante en el nuevo mundo del conocimiento.<\/p>\n\n\n\n<p class=\"has-medium-font-size\">Vienen porque han descubierto que Jujuy ya es rica en talentos: mentes creativas, brillantes y apasionadas por la tecnolog\u00eda. Y eso \u2014junto con una buena educaci\u00f3n\u2014 es todo lo que se necesita hoy para transformar Jujuy y toda la regi\u00f3n en una tierra de verdadera riqueza, una riqueza que emana de sus propios ciudadanos.<\/p>\n\n\n\n<p class=\"has-medium-font-size\">Este es un salto cualitativo hacia la verdadera riqueza del siglo XXI, que no se encuentra en las materias primas ni en la industria, sino en el capital humano. Un cerebro conectado a internet puede cambiar el mundo desde nuestra provincia, y de hecho, ya lo est\u00e1 haciendo. Se trata simplemente de potenciar lo que ya tenemos: la grandeza de nuestros j\u00f3venes.<\/p>\n\n\n\n<p class=\"has-medium-font-size\">Gracias a esta nueva forma de comunicarnos, el lugar f\u00edsico de trabajo ya no importa. Se pueden lograr cosas extraordinarias no solo desde Humahuaca, sino desde cualquier rinc\u00f3n de Jujuy. De eso se trata esta visita.<\/p>\n\n\n\n<p class=\"has-medium-font-size\">Para m\u00e1s informaci\u00f3n, <a href=\"https:\/\/www.fundaciondijargentina.org\/en\/contacto\/\">cont\u00e1ctanos<\/a>.<\/p>\n\n\n\n<p class=\"\"><\/p>","protected":false},"excerpt":{"rendered":"<p>El s\u00e1bado 26 de julio, llega a Jujuy una delegaci\u00f3n de 41 exalumnos de la Universidad de Yale junto a sus familias para colaborar en un fascinante proyecto en Humahuaca. Invitamos a todos los juje\u00f1os interesados a participar en esta iniciativa que abre las puertas a la econom\u00eda del conocimiento. Estos exalumnos incluyen brillantes empresarios, [&hellip;]<\/p>\n","protected":false},"author":2,"featured_media":0,"parent":0,"menu_order":0,"comment_status":"closed","ping_status":"closed","template":"","meta":{"nf_dc_page":"","om_disable_all_campaigns":false,"_uag_custom_page_level_css":"","_monsterinsights_skip_tracking":false,"_monsterinsights_sitenote_active":false,"_monsterinsights_sitenote_note":"","_monsterinsights_sitenote_category":0,"site-sidebar-layout":"default","site-content-layout":"","ast-site-content-layout":"default","site-content-style":"default","site-sidebar-style":"default","ast-global-header-display":"","ast-banner-title-visibility":"","ast-main-header-display":"","ast-hfb-above-header-display":"","ast-hfb-below-header-display":"","ast-hfb-mobile-header-display":"","site-post-title":"","ast-breadcrumbs-content":"","ast-featured-img":"","footer-sml-layout":"","ast-disable-related-posts":"","theme-transparent-header-meta":"","adv-header-id-meta":"","stick-header-meta":"","header-above-stick-meta":"","header-main-stick-meta":"","header-below-stick-meta":"","astra-migrate-meta-layouts":"set","ast-page-background-enabled":"default","ast-page-background-meta":{"desktop":{"background-color":"var(--ast-global-color-4)","background-image":"","background-repeat":"repeat","background-position":"center center","background-size":"auto","background-attachment":"scroll","background-type":"","background-media":"","overlay-type":"","overlay-color":"","overlay-opacity":"","overlay-gradient":""},"tablet":{"background-color":"","background-image":"","background-repeat":"repeat","background-position":"center center","background-size":"auto","background-attachment":"scroll","background-type":"","background-media":"","overlay-type":"","overlay-color":"","overlay-opacity":"","overlay-gradient":""},"mobile":{"background-color":"","background-image":"","background-repeat":"repeat","background-position":"center center","background-size":"auto","background-attachment":"scroll","background-type":"","background-media":"","overlay-type":"","overlay-color":"","overlay-opacity":"","overlay-gradient":""}},"ast-content-background-meta":{"desktop":{"background-color":"var(--ast-global-color-5)","background-image":"","background-repeat":"repeat","background-position":"center center","background-size":"auto","background-attachment":"scroll","background-type":"","background-media":"","overlay-type":"","overlay-color":"","overlay-opacity":"","overlay-gradient":""},"tablet":{"background-color":"var(--ast-global-color-5)","background-image":"","background-repeat":"repeat","background-position":"center center","background-size":"auto","background-attachment":"scroll","background-type":"","background-media":"","overlay-type":"","overlay-color":"","overlay-opacity":"","overlay-gradient":""},"mobile":{"background-color":"var(--ast-global-color-5)","background-image":"","background-repeat":"repeat","background-position":"center center","background-size":"auto","background-attachment":"scroll","background-type":"","background-media":"","overlay-type":"","overlay-color":"","overlay-opacity":"","overlay-gradient":""}},"ngg_post_thumbnail":0,"footnotes":""},"class_list":["post-823","page","type-page","status-publish","hentry"],"yoast_head":"<!-- This site is optimized with the Yoast SEO plugin v27.4 - https:\/\/yoast.com\/product\/yoast-seo-wordpress\/ -->\n<title>\u00a1La Universidad de Yale se une a nuestro proyecto! - Fundaci\u00f3n DIJ<\/title>\n<meta name=\"robots\" content=\"index, follow, max-snippet:-1, max-image-preview:large, max-video-preview:-1\" \/>\n<link rel=\"canonical\" href=\"https:\/\/www.fundaciondijargentina.org\/en\/la-universidad-de-yale-se-une-a-nuestro-proyecto\/\" \/>\n<meta property=\"og:locale\" content=\"en_US\" \/>\n<meta property=\"og:type\" content=\"article\" \/>\n<meta property=\"og:title\" content=\"\u00a1La Universidad de Yale se une a nuestro proyecto! - Fundaci\u00f3n DIJ\" \/>\n<meta property=\"og:description\" content=\"El s\u00e1bado 26 de julio, llega a Jujuy una delegaci\u00f3n de 41 exalumnos de la Universidad de Yale junto a sus familias para colaborar en un fascinante proyecto en Humahuaca. Invitamos a todos los juje\u00f1os interesados a participar en esta iniciativa que abre las puertas a la econom\u00eda del conocimiento. Estos exalumnos incluyen brillantes empresarios, [&hellip;]\" \/>\n<meta property=\"og:url\" content=\"https:\/\/www.fundaciondijargentina.org\/en\/la-universidad-de-yale-se-une-a-nuestro-proyecto\/\" \/>\n<meta property=\"og:site_name\" content=\"Fundaci\u00f3n DIJ\" \/>\n<meta property=\"article:modified_time\" content=\"2025-07-16T14:04:50+00:00\" \/>\n<meta property=\"og:image\" content=\"https:\/\/www.fundaciondijargentina.org\/wp-content\/uploads\/2025\/07\/image-1-1024x341.jpeg\" \/>\n<meta name=\"twitter:card\" content=\"summary_large_image\" \/>\n<meta name=\"twitter:label1\" content=\"Est. reading time\" \/>\n\t<meta name=\"twitter:data1\" content=\"2 minutes\" \/>\n<script type=\"application\/ld+json\" class=\"yoast-schema-graph\">{\"@context\":\"https:\\\/\\\/schema.org\",\"@graph\":[{\"@type\":\"WebPage\",\"@id\":\"https:\\\/\\\/www.fundaciondijargentina.org\\\/la-universidad-de-yale-se-une-a-nuestro-proyecto\\\/\",\"url\":\"https:\\\/\\\/www.fundaciondijargentina.org\\\/la-universidad-de-yale-se-une-a-nuestro-proyecto\\\/\",\"name\":\"\u00a1La Universidad de Yale se une a nuestro proyecto! - Fundaci\u00f3n DIJ\",\"isPartOf\":{\"@id\":\"https:\\\/\\\/www.fundaciondijargentina.org\\\/#website\"},\"primaryImageOfPage\":{\"@id\":\"https:\\\/\\\/www.fundaciondijargentina.org\\\/la-universidad-de-yale-se-une-a-nuestro-proyecto\\\/#primaryimage\"},\"image\":{\"@id\":\"https:\\\/\\\/www.fundaciondijargentina.org\\\/la-universidad-de-yale-se-une-a-nuestro-proyecto\\\/#primaryimage\"},\"thumbnailUrl\":\"https:\\\/\\\/www.fundaciondijargentina.org\\\/wp-content\\\/uploads\\\/2025\\\/07\\\/image-1-1024x341.jpeg\",\"datePublished\":\"2025-07-16T13:57:24+00:00\",\"dateModified\":\"2025-07-16T14:04:50+00:00\",\"breadcrumb\":{\"@id\":\"https:\\\/\\\/www.fundaciondijargentina.org\\\/la-universidad-de-yale-se-une-a-nuestro-proyecto\\\/#breadcrumb\"},\"inLanguage\":\"en-US\",\"potentialAction\":[{\"@type\":\"ReadAction\",\"target\":[\"https:\\\/\\\/www.fundaciondijargentina.org\\\/la-universidad-de-yale-se-une-a-nuestro-proyecto\\\/\"]}]},{\"@type\":\"ImageObject\",\"inLanguage\":\"en-US\",\"@id\":\"https:\\\/\\\/www.fundaciondijargentina.org\\\/la-universidad-de-yale-se-une-a-nuestro-proyecto\\\/#primaryimage\",\"url\":\"https:\\\/\\\/www.fundaciondijargentina.org\\\/wp-content\\\/uploads\\\/2025\\\/07\\\/image-1-1024x341.jpeg\",\"contentUrl\":\"https:\\\/\\\/www.fundaciondijargentina.org\\\/wp-content\\\/uploads\\\/2025\\\/07\\\/image-1-1024x341.jpeg\"},{\"@type\":\"BreadcrumbList\",\"@id\":\"https:\\\/\\\/www.fundaciondijargentina.org\\\/la-universidad-de-yale-se-une-a-nuestro-proyecto\\\/#breadcrumb\",\"itemListElement\":[{\"@type\":\"ListItem\",\"position\":1,\"name\":\"Home\",\"item\":\"https:\\\/\\\/www.fundaciondijargentina.org\\\/\"},{\"@type\":\"ListItem\",\"position\":2,\"name\":\"\u00a1La Universidad de Yale se une a nuestro proyecto!\"}]},{\"@type\":\"WebSite\",\"@id\":\"https:\\\/\\\/www.fundaciondijargentina.org\\\/#website\",\"url\":\"https:\\\/\\\/www.fundaciondijargentina.org\\\/\",\"name\":\"Fundaci\u00f3n DIJ\",\"description\":\"Fundaci\u00f3n para el desarrollo de inform\u00e1ticos  de Jujuy\",\"publisher\":{\"@id\":\"https:\\\/\\\/www.fundaciondijargentina.org\\\/#organization\"},\"potentialAction\":[{\"@type\":\"SearchAction\",\"target\":{\"@type\":\"EntryPoint\",\"urlTemplate\":\"https:\\\/\\\/www.fundaciondijargentina.org\\\/?s={search_term_string}\"},\"query-input\":{\"@type\":\"PropertyValueSpecification\",\"valueRequired\":true,\"valueName\":\"search_term_string\"}}],\"inLanguage\":\"en-US\"},{\"@type\":\"Organization\",\"@id\":\"https:\\\/\\\/www.fundaciondijargentina.org\\\/#organization\",\"name\":\"Fundaci\u00f3n DIJ\",\"url\":\"https:\\\/\\\/www.fundaciondijargentina.org\\\/\",\"logo\":{\"@type\":\"ImageObject\",\"inLanguage\":\"en-US\",\"@id\":\"https:\\\/\\\/www.fundaciondijargentina.org\\\/#\\\/schema\\\/logo\\\/image\\\/\",\"url\":\"https:\\\/\\\/i0.wp.com\\\/www.fundaciondijargentina.org\\\/wp-content\\\/uploads\\\/2023\\\/03\\\/Fundacion-DIJ-logo-sm.jpg?fit=80%2C64&ssl=1\",\"contentUrl\":\"https:\\\/\\\/i0.wp.com\\\/www.fundaciondijargentina.org\\\/wp-content\\\/uploads\\\/2023\\\/03\\\/Fundacion-DIJ-logo-sm.jpg?fit=80%2C64&ssl=1\",\"width\":80,\"height\":64,\"caption\":\"Fundaci\u00f3n DIJ\"},\"image\":{\"@id\":\"https:\\\/\\\/www.fundaciondijargentina.org\\\/#\\\/schema\\\/logo\\\/image\\\/\"}}]}<\/script>\n<!-- \/ Yoast SEO plugin. -->","yoast_head_json":{"title":"\u00a1La Universidad de Yale se une a nuestro proyecto! - Fundaci\u00f3n DIJ","robots":{"index":"index","follow":"follow","max-snippet":"max-snippet:-1","max-image-preview":"max-image-preview:large","max-video-preview":"max-video-preview:-1"},"canonical":"https:\/\/www.fundaciondijargentina.org\/en\/la-universidad-de-yale-se-une-a-nuestro-proyecto\/","og_locale":"en_US","og_type":"article","og_title":"\u00a1La Universidad de Yale se une a nuestro proyecto! - Fundaci\u00f3n DIJ","og_description":"El s\u00e1bado 26 de julio, llega a Jujuy una delegaci\u00f3n de 41 exalumnos de la Universidad de Yale junto a sus familias para colaborar en un fascinante proyecto en Humahuaca. Invitamos a todos los juje\u00f1os interesados a participar en esta iniciativa que abre las puertas a la econom\u00eda del conocimiento. Estos exalumnos incluyen brillantes empresarios, [&hellip;]","og_url":"https:\/\/www.fundaciondijargentina.org\/en\/la-universidad-de-yale-se-une-a-nuestro-proyecto\/","og_site_name":"Fundaci\u00f3n DIJ","article_modified_time":"2025-07-16T14:04:50+00:00","og_image":[{"url":"https:\/\/www.fundaciondijargentina.org\/wp-content\/uploads\/2025\/07\/image-1-1024x341.jpeg","type":"","width":"","height":""}],"twitter_card":"summary_large_image","twitter_misc":{"Est. reading time":"2 minutes"},"schema":{"@context":"https:\/\/schema.org","@graph":[{"@type":"WebPage","@id":"https:\/\/www.fundaciondijargentina.org\/la-universidad-de-yale-se-une-a-nuestro-proyecto\/","url":"https:\/\/www.fundaciondijargentina.org\/la-universidad-de-yale-se-une-a-nuestro-proyecto\/","name":"\u00a1La Universidad de Yale se une a nuestro proyecto! - Fundaci\u00f3n DIJ","isPartOf":{"@id":"https:\/\/www.fundaciondijargentina.org\/#website"},"primaryImageOfPage":{"@id":"https:\/\/www.fundaciondijargentina.org\/la-universidad-de-yale-se-une-a-nuestro-proyecto\/#primaryimage"},"image":{"@id":"https:\/\/www.fundaciondijargentina.org\/la-universidad-de-yale-se-une-a-nuestro-proyecto\/#primaryimage"},"thumbnailUrl":"https:\/\/www.fundaciondijargentina.org\/wp-content\/uploads\/2025\/07\/image-1-1024x341.jpeg","datePublished":"2025-07-16T13:57:24+00:00","dateModified":"2025-07-16T14:04:50+00:00","breadcrumb":{"@id":"https:\/\/www.fundaciondijargentina.org\/la-universidad-de-yale-se-une-a-nuestro-proyecto\/#breadcrumb"},"inLanguage":"en-US","potentialAction":[{"@type":"ReadAction","target":["https:\/\/www.fundaciondijargentina.org\/la-universidad-de-yale-se-une-a-nuestro-proyecto\/"]}]},{"@type":"ImageObject","inLanguage":"en-US","@id":"https:\/\/www.fundaciondijargentina.org\/la-universidad-de-yale-se-une-a-nuestro-proyecto\/#primaryimage","url":"https:\/\/www.fundaciondijargentina.org\/wp-content\/uploads\/2025\/07\/image-1-1024x341.jpeg","contentUrl":"https:\/\/www.fundaciondijargentina.org\/wp-content\/uploads\/2025\/07\/image-1-1024x341.jpeg"},{"@type":"BreadcrumbList","@id":"https:\/\/www.fundaciondijargentina.org\/la-universidad-de-yale-se-une-a-nuestro-proyecto\/#breadcrumb","itemListElement":[{"@type":"ListItem","position":1,"name":"Home","item":"https:\/\/www.fundaciondijargentina.org\/"},{"@type":"ListItem","position":2,"name":"\u00a1La Universidad de Yale se une a nuestro proyecto!"}]},{"@type":"WebSite","@id":"https:\/\/www.fundaciondijargentina.org\/#website","url":"https:\/\/www.fundaciondijargentina.org\/","name":"Fundaci\u00f3n DIJ","description":"Fundaci\u00f3n para el desarrollo de inform\u00e1ticos  de Jujuy","publisher":{"@id":"https:\/\/www.fundaciondijargentina.org\/#organization"},"potentialAction":[{"@type":"SearchAction","target":{"@type":"EntryPoint","urlTemplate":"https:\/\/www.fundaciondijargentina.org\/?s={search_term_string}"},"query-input":{"@type":"PropertyValueSpecification","valueRequired":true,"valueName":"search_term_string"}}],"inLanguage":"en-US"},{"@type":"Organization","@id":"https:\/\/www.fundaciondijargentina.org\/#organization","name":"Fundaci\u00f3n DIJ","url":"https:\/\/www.fundaciondijargentina.org\/","logo":{"@type":"ImageObject","inLanguage":"en-US","@id":"https:\/\/www.fundaciondijargentina.org\/#\/schema\/logo\/image\/","url":"https:\/\/i0.wp.com\/www.fundaciondijargentina.org\/wp-content\/uploads\/2023\/03\/Fundacion-DIJ-logo-sm.jpg?fit=80%2C64&ssl=1","contentUrl":"https:\/\/i0.wp.com\/www.fundaciondijargentina.org\/wp-content\/uploads\/2023\/03\/Fundacion-DIJ-logo-sm.jpg?fit=80%2C64&ssl=1","width":80,"height":64,"caption":"Fundaci\u00f3n DIJ"},"image":{"@id":"https:\/\/www.fundaciondijargentina.org\/#\/schema\/logo\/image\/"}}]}},"uagb_featured_image_src":{"full":false,"thumbnail":false,"medium":false,"medium_large":false,"large":false,"1536x1536":false,"2048x2048":false,"trp-custom-language-flag":false},"uagb_author_info":{"display_name":"admin","author_link":"https:\/\/www.fundaciondijargentina.org\/en\/author\/admin\/"},"uagb_comment_info":0,"uagb_excerpt":"El s\u00e1bado 26 de julio, llega a Jujuy una delegaci\u00f3n de 41 exalumnos de la Universidad de Yale junto a sus familias para colaborar en un fascinante proyecto en Humahuaca. Invitamos a todos los juje\u00f1os interesados a participar en esta iniciativa que abre las puertas a la econom\u00eda del conocimiento. Estos exalumnos incluyen brillantes empresarios,&hellip;","jetpack_sharing_enabled":true,"_links":{"self":[{"href":"https:\/\/www.fundaciondijargentina.org\/en\/wp-json\/wp\/v2\/pages\/823","targetHints":{"allow":["GET"]}}],"collection":[{"href":"https:\/\/www.fundaciondijargentina.org\/en\/wp-json\/wp\/v2\/pages"}],"about":[{"href":"https:\/\/www.fundaciondijargentina.org\/en\/wp-json\/wp\/v2\/types\/page"}],"author":[{"embeddable":true,"href":"https:\/\/www.fundaciondijargentina.org\/en\/wp-json\/wp\/v2\/users\/2"}],"replies":[{"embeddable":true,"href":"https:\/\/www.fundaciondijargentina.org\/en\/wp-json\/wp\/v2\/comments?post=823"}],"version-history":[{"count":5,"href":"https:\/\/www.fundaciondijargentina.org\/en\/wp-json\/wp\/v2\/pages\/823\/revisions"}],"predecessor-version":[{"id":829,"href":"https:\/\/www.fundaciondijargentina.org\/en\/wp-json\/wp\/v2\/pages\/823\/revisions\/829"}],"wp:attachment":[{"href":"https:\/\/www.fundaciondijargentina.org\/en\/wp-json\/wp\/v2\/media?parent=823"}],"curies":[{"name":"wp","href":"https:\/\/api.w.org\/{rel}","templated":true}]}}