{"id":552,"date":"2023-03-29T18:11:43","date_gmt":"2023-03-29T18:11:43","guid":{"rendered":"https:\/\/www.fundaciondijargentina.org\/?page_id=552"},"modified":"2023-03-29T18:37:28","modified_gmt":"2023-03-29T18:37:28","slug":"luis-rappoport","status":"publish","type":"page","link":"https:\/\/www.fundaciondijargentina.org\/en\/luis-rappoport\/","title":{"rendered":"Luis Rappoport"},"content":{"rendered":"<div class=\"wp-block-uagb-team uagb-team__image-position-left uagb-team__align-left uagb-team__stack-tablet uagb-block-b2890ef1\"><img data-recalc-dims=\"1\" decoding=\"async\" class=\"uagb-team__image-crop-circle\" src=\"https:\/\/i0.wp.com\/www.fundaciondijargentina.org\/wp-content\/uploads\/2023\/03\/Luis-Rappoport-1.jpg?resize=100%2C100&#038;ssl=1\" alt=\"Luis Rappoport\" height=\"100\" width=\"100\" loading=\"lazy\"\/><div class=\"uagb-team__content\"><h4 class=\"uagb-team__title\">Luis Rappoport<\/h4><span class=\"uagb-team__prefix\"><\/span><p class=\"uagb-team__desc\">Economista. Fue empresario, docente, funcionario p\u00fablico y consultor de sector privado, p\u00fablico y organismos internacionales. Se especializ\u00f3 en Desarrollo Econ\u00f3mico.<br>Docente de la Maestr\u00eda de Desarrollo Econ\u00f3mico de la Universidad Nacional de General Sarmiento.<br>Desde el 2021 organiza el ciclo \u201cAprender Desarrollo Econ\u00f3mico\u201d, en ese a\u00f1o el tema fue \u201cAprender con Europa\u201d. En el 2022 los temas fueron: \u201cQu\u00e9 podemos aprender de la bioeconom\u00eda argentina\u201d y \u201cFinanciamiento del desarrollo en un pa\u00eds sin moneda\u201d. En el 2023 \u201cAprender con Israel\u201d.<br>Public\u00f3 los libros: \u201cIntolerancia y Transgresi\u00f3n, junto a Ricardo Ferraro: \u201cPresidencialismo absoluto y otras verdades inc\u00f3modas\u201d y compil\u00f3 \u201cMalas notas\u201d, libro del Club Pol\u00edtico Argentino.<br>Colaborador del medio digital Novotecnolog\u00eda.net de difusi\u00f3n de la innovaci\u00f3n.<br>Est\u00e1 presente en los principales diarios de la Argentina con art\u00edculos sobre desarrollo econ\u00f3mico y public\u00f3 diversos trabajos acad\u00e9micos.<\/p><ul class=\"uagb-team__social-list\"><li class=\"uagb-team__social-icon\"><a href=\"https:\/\/www.uncuyo.edu.ar\/relaciones_institucionales\/luis-rappoport-en-la-uncuyo\" aria-label=\"up-right-from-square\" target=\"_blank\" title=\"\" rel=\"noopener noreferrer\"><svg xmlns=\"https:\/\/www.w3.org\/2000\/svg\" viewbox=\"0 0 512 512\"><path d=\"M384 320c-17.67 0-32 14.33-32 32v96H64V160h96c17.67 0 32-14.32 32-32s-14.33-32-32-32L64 96c-35.35 0-64 28.65-64 64V448c0 35.34 28.65 64 64 64h288c35.35 0 64-28.66 64-64v-96C416 334.3 401.7 320 384 320zM488 0H352c-12.94 0-24.62 7.797-29.56 19.75c-4.969 11.97-2.219 25.72 6.938 34.88L370.8 96L169.4 297.4c-12.5 12.5-12.5 32.75 0 45.25C175.6 348.9 183.8 352 192 352s16.38-3.125 22.62-9.375L416 141.3l41.38 41.38c9.156 9.141 22.88 11.84 34.88 6.938C504.2 184.6 512 172.9 512 160V24C512 10.74 501.3 0 488 0z\"><\/path><\/svg><\/a><\/li><\/ul><\/div><\/div>","protected":false},"excerpt":{"rendered":"","protected":false},"author":2,"featured_media":0,"parent":0,"menu_order":0,"comment_status":"closed","ping_status":"closed","template":"","meta":{"nf_dc_page":"","om_disable_all_campaigns":false,"_uag_custom_page_level_css":"","_monsterinsights_skip_tracking":false,"_monsterinsights_sitenote_active":false,"_monsterinsights_sitenote_note":"","_monsterinsights_sitenote_category":0,"site-sidebar-layout":"default","site-content-layout":"","ast-site-content-layout":"default","site-content-style":"default","site-sidebar-style":"default","ast-global-header-display":"","ast-banner-title-visibility":"","ast-main-header-display":"","ast-hfb-above-header-display":"","ast-hfb-below-header-display":"","ast-hfb-mobile-header-display":"","site-post-title":"disabled","ast-breadcrumbs-content":"","ast-featured-img":"","footer-sml-layout":"","ast-disable-related-posts":"","theme-transparent-header-meta":"","adv-header-id-meta":"","stick-header-meta":"","header-above-stick-meta":"","header-main-stick-meta":"","header-below-stick-meta":"","astra-migrate-meta-layouts":"default","ast-page-background-enabled":"default","ast-page-background-meta":{"desktop":{"background-color":"var(--ast-global-color-4)","background-image":"","background-repeat":"repeat","background-position":"center center","background-size":"auto","background-attachment":"scroll","background-type":"","background-media":"","overlay-type":"","overlay-color":"","overlay-opacity":"","overlay-gradient":""},"tablet":{"background-color":"","background-image":"","background-repeat":"repeat","background-position":"center center","background-size":"auto","background-attachment":"scroll","background-type":"","background-media":"","overlay-type":"","overlay-color":"","overlay-opacity":"","overlay-gradient":""},"mobile":{"background-color":"","background-image":"","background-repeat":"repeat","background-position":"center center","background-size":"auto","background-attachment":"scroll","background-type":"","background-media":"","overlay-type":"","overlay-color":"","overlay-opacity":"","overlay-gradient":""}},"ast-content-background-meta":{"desktop":{"background-color":"var(--ast-global-color-5)","background-image":"","background-repeat":"repeat","background-position":"center center","background-size":"auto","background-attachment":"scroll","background-type":"","background-media":"","overlay-type":"","overlay-color":"","overlay-opacity":"","overlay-gradient":""},"tablet":{"background-color":"var(--ast-global-color-5)","background-image":"","background-repeat":"repeat","background-position":"center center","background-size":"auto","background-attachment":"scroll","background-type":"","background-media":"","overlay-type":"","overlay-color":"","overlay-opacity":"","overlay-gradient":""},"mobile":{"background-color":"var(--ast-global-color-5)","background-image":"","background-repeat":"repeat","background-position":"center center","background-size":"auto","background-attachment":"scroll","background-type":"","background-media":"","overlay-type":"","overlay-color":"","overlay-opacity":"","overlay-gradient":""}},"ngg_post_thumbnail":0,"footnotes":""},"class_list":["post-552","page","type-page","status-publish","hentry"],"yoast_head":"<!-- This site is optimized with the Yoast SEO plugin v27.4 - https:\/\/yoast.com\/product\/yoast-seo-wordpress\/ -->\n<title>Luis Rappoport - Fundaci\u00f3n DIJ<\/title>\n<meta name=\"robots\" content=\"index, follow, max-snippet:-1, max-image-preview:large, max-video-preview:-1\" \/>\n<link rel=\"canonical\" href=\"https:\/\/www.fundaciondijargentina.org\/en\/luis-rappoport\/\" \/>\n<meta property=\"og:locale\" content=\"en_US\" \/>\n<meta property=\"og:type\" content=\"article\" \/>\n<meta property=\"og:title\" content=\"Luis Rappoport - Fundaci\u00f3n DIJ\" \/>\n<meta property=\"og:url\" content=\"https:\/\/www.fundaciondijargentina.org\/en\/luis-rappoport\/\" \/>\n<meta property=\"og:site_name\" content=\"Fundaci\u00f3n DIJ\" \/>\n<meta property=\"article:modified_time\" content=\"2023-03-29T18:37:28+00:00\" \/>\n<meta property=\"og:image\" content=\"https:\/\/www.fundaciondijargentina.org\/wp-content\/uploads\/2023\/03\/Luis-Rappoport-1-150x150.jpg\" \/>\n<meta name=\"twitter:card\" content=\"summary_large_image\" \/>\n<meta name=\"twitter:label1\" content=\"Est. reading time\" \/>\n\t<meta name=\"twitter:data1\" content=\"1 minute\" \/>\n<script type=\"application\/ld+json\" class=\"yoast-schema-graph\">{\"@context\":\"https:\\\/\\\/schema.org\",\"@graph\":[{\"@type\":\"WebPage\",\"@id\":\"https:\\\/\\\/www.fundaciondijargentina.org\\\/luis-rappoport\\\/\",\"url\":\"https:\\\/\\\/www.fundaciondijargentina.org\\\/luis-rappoport\\\/\",\"name\":\"Luis Rappoport - Fundaci\u00f3n DIJ\",\"isPartOf\":{\"@id\":\"https:\\\/\\\/www.fundaciondijargentina.org\\\/#website\"},\"primaryImageOfPage\":{\"@id\":\"https:\\\/\\\/www.fundaciondijargentina.org\\\/luis-rappoport\\\/#primaryimage\"},\"image\":{\"@id\":\"https:\\\/\\\/www.fundaciondijargentina.org\\\/luis-rappoport\\\/#primaryimage\"},\"thumbnailUrl\":\"https:\\\/\\\/www.fundaciondijargentina.org\\\/wp-content\\\/uploads\\\/2023\\\/03\\\/Luis-Rappoport-1-150x150.jpg\",\"datePublished\":\"2023-03-29T18:11:43+00:00\",\"dateModified\":\"2023-03-29T18:37:28+00:00\",\"breadcrumb\":{\"@id\":\"https:\\\/\\\/www.fundaciondijargentina.org\\\/luis-rappoport\\\/#breadcrumb\"},\"inLanguage\":\"en-US\",\"potentialAction\":[{\"@type\":\"ReadAction\",\"target\":[\"https:\\\/\\\/www.fundaciondijargentina.org\\\/luis-rappoport\\\/\"]}]},{\"@type\":\"ImageObject\",\"inLanguage\":\"en-US\",\"@id\":\"https:\\\/\\\/www.fundaciondijargentina.org\\\/luis-rappoport\\\/#primaryimage\",\"url\":\"https:\\\/\\\/www.fundaciondijargentina.org\\\/wp-content\\\/uploads\\\/2023\\\/03\\\/Luis-Rappoport-1-150x150.jpg\",\"contentUrl\":\"https:\\\/\\\/www.fundaciondijargentina.org\\\/wp-content\\\/uploads\\\/2023\\\/03\\\/Luis-Rappoport-1-150x150.jpg\"},{\"@type\":\"BreadcrumbList\",\"@id\":\"https:\\\/\\\/www.fundaciondijargentina.org\\\/luis-rappoport\\\/#breadcrumb\",\"itemListElement\":[{\"@type\":\"ListItem\",\"position\":1,\"name\":\"Home\",\"item\":\"https:\\\/\\\/www.fundaciondijargentina.org\\\/\"},{\"@type\":\"ListItem\",\"position\":2,\"name\":\"Luis Rappoport\"}]},{\"@type\":\"WebSite\",\"@id\":\"https:\\\/\\\/www.fundaciondijargentina.org\\\/#website\",\"url\":\"https:\\\/\\\/www.fundaciondijargentina.org\\\/\",\"name\":\"Fundaci\u00f3n DIJ\",\"description\":\"Fundaci\u00f3n para el desarrollo de inform\u00e1ticos  de Jujuy\",\"publisher\":{\"@id\":\"https:\\\/\\\/www.fundaciondijargentina.org\\\/#organization\"},\"potentialAction\":[{\"@type\":\"SearchAction\",\"target\":{\"@type\":\"EntryPoint\",\"urlTemplate\":\"https:\\\/\\\/www.fundaciondijargentina.org\\\/?s={search_term_string}\"},\"query-input\":{\"@type\":\"PropertyValueSpecification\",\"valueRequired\":true,\"valueName\":\"search_term_string\"}}],\"inLanguage\":\"en-US\"},{\"@type\":\"Organization\",\"@id\":\"https:\\\/\\\/www.fundaciondijargentina.org\\\/#organization\",\"name\":\"Fundaci\u00f3n DIJ\",\"url\":\"https:\\\/\\\/www.fundaciondijargentina.org\\\/\",\"logo\":{\"@type\":\"ImageObject\",\"inLanguage\":\"en-US\",\"@id\":\"https:\\\/\\\/www.fundaciondijargentina.org\\\/#\\\/schema\\\/logo\\\/image\\\/\",\"url\":\"https:\\\/\\\/i0.wp.com\\\/www.fundaciondijargentina.org\\\/wp-content\\\/uploads\\\/2023\\\/03\\\/Fundacion-DIJ-logo-sm.jpg?fit=80%2C64&ssl=1\",\"contentUrl\":\"https:\\\/\\\/i0.wp.com\\\/www.fundaciondijargentina.org\\\/wp-content\\\/uploads\\\/2023\\\/03\\\/Fundacion-DIJ-logo-sm.jpg?fit=80%2C64&ssl=1\",\"width\":80,\"height\":64,\"caption\":\"Fundaci\u00f3n DIJ\"},\"image\":{\"@id\":\"https:\\\/\\\/www.fundaciondijargentina.org\\\/#\\\/schema\\\/logo\\\/image\\\/\"}}]}<\/script>\n<!-- \/ Yoast SEO plugin. -->","yoast_head_json":{"title":"Luis Rappoport - Fundaci\u00f3n DIJ","robots":{"index":"index","follow":"follow","max-snippet":"max-snippet:-1","max-image-preview":"max-image-preview:large","max-video-preview":"max-video-preview:-1"},"canonical":"https:\/\/www.fundaciondijargentina.org\/en\/luis-rappoport\/","og_locale":"en_US","og_type":"article","og_title":"Luis Rappoport - Fundaci\u00f3n DIJ","og_url":"https:\/\/www.fundaciondijargentina.org\/en\/luis-rappoport\/","og_site_name":"Fundaci\u00f3n DIJ","article_modified_time":"2023-03-29T18:37:28+00:00","og_image":[{"url":"https:\/\/www.fundaciondijargentina.org\/wp-content\/uploads\/2023\/03\/Luis-Rappoport-1-150x150.jpg","type":"","width":"","height":""}],"twitter_card":"summary_large_image","twitter_misc":{"Est. reading time":"1 minute"},"schema":{"@context":"https:\/\/schema.org","@graph":[{"@type":"WebPage","@id":"https:\/\/www.fundaciondijargentina.org\/luis-rappoport\/","url":"https:\/\/www.fundaciondijargentina.org\/luis-rappoport\/","name":"Luis Rappoport - Fundaci\u00f3n DIJ","isPartOf":{"@id":"https:\/\/www.fundaciondijargentina.org\/#website"},"primaryImageOfPage":{"@id":"https:\/\/www.fundaciondijargentina.org\/luis-rappoport\/#primaryimage"},"image":{"@id":"https:\/\/www.fundaciondijargentina.org\/luis-rappoport\/#primaryimage"},"thumbnailUrl":"https:\/\/www.fundaciondijargentina.org\/wp-content\/uploads\/2023\/03\/Luis-Rappoport-1-150x150.jpg","datePublished":"2023-03-29T18:11:43+00:00","dateModified":"2023-03-29T18:37:28+00:00","breadcrumb":{"@id":"https:\/\/www.fundaciondijargentina.org\/luis-rappoport\/#breadcrumb"},"inLanguage":"en-US","potentialAction":[{"@type":"ReadAction","target":["https:\/\/www.fundaciondijargentina.org\/luis-rappoport\/"]}]},{"@type":"ImageObject","inLanguage":"en-US","@id":"https:\/\/www.fundaciondijargentina.org\/luis-rappoport\/#primaryimage","url":"https:\/\/www.fundaciondijargentina.org\/wp-content\/uploads\/2023\/03\/Luis-Rappoport-1-150x150.jpg","contentUrl":"https:\/\/www.fundaciondijargentina.org\/wp-content\/uploads\/2023\/03\/Luis-Rappoport-1-150x150.jpg"},{"@type":"BreadcrumbList","@id":"https:\/\/www.fundaciondijargentina.org\/luis-rappoport\/#breadcrumb","itemListElement":[{"@type":"ListItem","position":1,"name":"Home","item":"https:\/\/www.fundaciondijargentina.org\/"},{"@type":"ListItem","position":2,"name":"Luis Rappoport"}]},{"@type":"WebSite","@id":"https:\/\/www.fundaciondijargentina.org\/#website","url":"https:\/\/www.fundaciondijargentina.org\/","name":"Fundaci\u00f3n DIJ","description":"Fundaci\u00f3n para el desarrollo de inform\u00e1ticos  de Jujuy","publisher":{"@id":"https:\/\/www.fundaciondijargentina.org\/#organization"},"potentialAction":[{"@type":"SearchAction","target":{"@type":"EntryPoint","urlTemplate":"https:\/\/www.fundaciondijargentina.org\/?s={search_term_string}"},"query-input":{"@type":"PropertyValueSpecification","valueRequired":true,"valueName":"search_term_string"}}],"inLanguage":"en-US"},{"@type":"Organization","@id":"https:\/\/www.fundaciondijargentina.org\/#organization","name":"Fundaci\u00f3n DIJ","url":"https:\/\/www.fundaciondijargentina.org\/","logo":{"@type":"ImageObject","inLanguage":"en-US","@id":"https:\/\/www.fundaciondijargentina.org\/#\/schema\/logo\/image\/","url":"https:\/\/i0.wp.com\/www.fundaciondijargentina.org\/wp-content\/uploads\/2023\/03\/Fundacion-DIJ-logo-sm.jpg?fit=80%2C64&ssl=1","contentUrl":"https:\/\/i0.wp.com\/www.fundaciondijargentina.org\/wp-content\/uploads\/2023\/03\/Fundacion-DIJ-logo-sm.jpg?fit=80%2C64&ssl=1","width":80,"height":64,"caption":"Fundaci\u00f3n DIJ"},"image":{"@id":"https:\/\/www.fundaciondijargentina.org\/#\/schema\/logo\/image\/"}}]}},"uagb_featured_image_src":{"full":false,"thumbnail":false,"medium":false,"medium_large":false,"large":false,"1536x1536":false,"2048x2048":false,"trp-custom-language-flag":false},"uagb_author_info":{"display_name":"admin","author_link":"https:\/\/www.fundaciondijargentina.org\/en\/author\/admin\/"},"uagb_comment_info":0,"uagb_excerpt":null,"jetpack_sharing_enabled":true,"_links":{"self":[{"href":"https:\/\/www.fundaciondijargentina.org\/en\/wp-json\/wp\/v2\/pages\/552","targetHints":{"allow":["GET"]}}],"collection":[{"href":"https:\/\/www.fundaciondijargentina.org\/en\/wp-json\/wp\/v2\/pages"}],"about":[{"href":"https:\/\/www.fundaciondijargentina.org\/en\/wp-json\/wp\/v2\/types\/page"}],"author":[{"embeddable":true,"href":"https:\/\/www.fundaciondijargentina.org\/en\/wp-json\/wp\/v2\/users\/2"}],"replies":[{"embeddable":true,"href":"https:\/\/www.fundaciondijargentina.org\/en\/wp-json\/wp\/v2\/comments?post=552"}],"version-history":[{"count":3,"href":"https:\/\/www.fundaciondijargentina.org\/en\/wp-json\/wp\/v2\/pages\/552\/revisions"}],"predecessor-version":[{"id":563,"href":"https:\/\/www.fundaciondijargentina.org\/en\/wp-json\/wp\/v2\/pages\/552\/revisions\/563"}],"wp:attachment":[{"href":"https:\/\/www.fundaciondijargentina.org\/en\/wp-json\/wp\/v2\/media?parent=552"}],"curies":[{"name":"wp","href":"https:\/\/api.w.org\/{rel}","templated":true}]}}