{"id":493,"date":"2023-03-15T22:23:39","date_gmt":"2023-03-15T22:23:39","guid":{"rendered":"https:\/\/www.fundaciondijargentina.org\/?page_id=493"},"modified":"2023-11-01T15:50:19","modified_gmt":"2023-11-01T15:50:19","slug":"contacto","status":"publish","type":"page","link":"https:\/\/www.fundaciondijargentina.org\/en\/contacto\/","title":{"rendered":"Contacto"},"content":{"rendered":"<div class=\"inherit-container-width wp-block-group has-ast-global-color-6-background-color has-background is-layout-constrained wp-block-group-is-layout-constrained\">\n<div class=\"wp-block-uagb-advanced-heading uagb-block-dfdd59d9\"><h2 class=\"uagb-heading-text\">Contacto<\/h2><div class=\"uagb-separator\"><\/div><p class=\"uagb-desc-text\">Por favor h\u00e1ganos llegar sus dudas e inquietudes. Le responderemos a la brevedad<\/p><\/div>\n\n\n\n<div class=\"wp-block-columns has-ast-global-color-6-background-color has-background is-layout-flex wp-container-core-columns-is-layout-28f84493 wp-block-columns-is-layout-flex\">\n<div class=\"wp-block-column is-layout-flow wp-block-column-is-layout-flow\" style=\"padding-top:var(--wp--preset--spacing--50);padding-right:var(--wp--preset--spacing--50);padding-bottom:var(--wp--preset--spacing--50);padding-left:var(--wp--preset--spacing--50);flex-basis:40%\">\n<p class=\"has-medium-font-size\"><strong>Fundaci\u00f3n DIJ<\/strong><\/p>\n\n\n\n<p class=\"\">Hugo Wast N\u00b0 333, Barrio Alto Gorriti<br>San Salvador de Jujuy (4600), Jujuy, Argentina<br><a href=\"mailto:info@fundaciondijargentina.org\" target=\"_blank\" rel=\"noreferrer noopener\">info@fundaciondijargentina.org<\/a><\/p>\n\n\n\n<p class=\"\">Tel\u00e9fono: <strong>+54 9 3886 85-4370<\/strong><\/p>\n\n\n\n<div class=\"wp-block-jetpack-send-a-message\">\n<div class=\"wp-block-jetpack-whatsapp-button is-color-dark\"><a class=\"whatsapp-block__button\" href=\"https:\/\/api.whatsapp.com\/send?phone=5493886854370&amp;text=Hola%2C%20gracias%20por%20contactarte%20con%20Fundaci%C3%B3n%20DIJ%3B%20indicanos%20por%20favor%20en%20que%20podemos%20ayudarte...\" style=\"background-color:#25D366;color:#fff\" target=\"_blank\" rel=\"noopener noreferrer\">Chat en WhatsApp<\/a><\/div>\n<\/div>\n<\/div>\n\n\n\n<div class=\"wp-block-column is-layout-flow wp-block-column-is-layout-flow\"><\/div>\n\n\n\n<div class=\"wp-block-column has-background is-layout-flow wp-block-column-is-layout-flow\" style=\"background-color:#e0e1e2;flex-basis:50%\">\n<div class=\"wp-block-uagb-forms uagb-forms__outer-wrap uagb-block-ea69718e uagb-forms__medium-btn\"><form class=\"uagb-forms-main-form\" method=\"post\" autocomplete=\"on\" name=\"uagb-form-ea69718e\" action=\"\">\n<div class=\"wp-block-uagb-forms-name uagb-forms-name-wrap uagb-forms-field-set uagb-block-9e12388c\"><div class=\"uagb-forms-name-label required uagb-forms-input-label\" id=\"9e12388c\">Nombre<\/div><input type=\"text\" placeholder=\"Escriba su nombre\" required class=\"uagb-forms-name-input uagb-forms-input\" name=\"9e12388c\" autocomplete=\"name\"\/><\/div>\n\n\n\n<div class=\"wp-block-uagb-forms-email uagb-forms-email-wrap uagb-forms-field-set uagb-block-dd8895b8\"><div class=\"uagb-forms-email-label  uagb-forms-input-label\" id=\"dd8895b8\">Email<\/div><input type=\"email\" class=\"uagb-forms-email-input uagb-forms-input\" placeholder=\"example@mail.com\" name=\"dd8895b8\" autocomplete=\"email\"\/><\/div>\n\n\n\n<div class=\"wp-block-uagb-forms-textarea uagb-forms-textarea-wrap uagb-forms-field-set uagb-block-acf65547\"><div class=\"uagb-forms-textarea-label required uagb-forms-input-label\" id=\"acf65547\">Mensaje<\/div><textarea required class=\"uagb-forms-textarea-input uagb-forms-input\" rows=\"4\" placeholder=\"Escriba su mensaje\" name=\"acf65547\" autocomplete=\"off\"><\/textarea><\/div>\n<div class=\"uagb-forms-form-hidden-data\"><input type=\"hidden\" class=\"uagb_forms_form_label\" value=\"UAG Form\"\/><input type=\"hidden\" class=\"uagb_forms_form_id\" value=\"uagb-form-ea69718e\"\/><\/div><div class=\"uagb-form-reacaptcha-error-ea69718e\"><\/div><div class=\"uagb-forms-main-submit-button-wrap wp-block-button\"><button class=\"uagb-forms-main-submit-button wp-block-button__link\"><div class=\"uagb-forms-main-submit-button-text\">Enviar<\/div><\/button><\/div><input type=\"hidden\" name=\"trp-form-language\" value=\"en\"\/><\/form><div class=\"uagb-forms-success-message-ea69718e uagb-forms-submit-message-hide\"><span>Gracias por escribirnos. Le contestaremos a la brevedad.<\/span><\/div><div class=\"uagb-forms-failed-message-ea69718e uagb-forms-submit-message-hide\"><span>Verificar los datos ingresados.<\/span><\/div><\/div>\n<\/div>\n<\/div>\n<\/div>","protected":false},"excerpt":{"rendered":"<p>Contacto Por favor h\u00e1ganos llegar sus dudas e inquietudes. Le responderemos a la brevedad Fundaci\u00f3n DIJ Hugo Wast N\u00b0 333, Barrio Alto GorritiSan Salvador de Jujuy (4600), Jujuy, Argentinainfo@fundaciondijargentina.org Tel\u00e9fono: +54 9 3886 85-4370<\/p>","protected":false},"author":3,"featured_media":0,"parent":0,"menu_order":0,"comment_status":"closed","ping_status":"closed","template":"","meta":{"nf_dc_page":"","om_disable_all_campaigns":false,"_uag_custom_page_level_css":"","_monsterinsights_skip_tracking":false,"_monsterinsights_sitenote_active":false,"_monsterinsights_sitenote_note":"","_monsterinsights_sitenote_category":0,"site-sidebar-layout":"default","site-content-layout":"","ast-site-content-layout":"default","site-content-style":"default","site-sidebar-style":"default","ast-global-header-display":"","ast-banner-title-visibility":"","ast-main-header-display":"","ast-hfb-above-header-display":"","ast-hfb-below-header-display":"","ast-hfb-mobile-header-display":"","site-post-title":"disabled","ast-breadcrumbs-content":"","ast-featured-img":"","footer-sml-layout":"","ast-disable-related-posts":"","theme-transparent-header-meta":"","adv-header-id-meta":"","stick-header-meta":"","header-above-stick-meta":"","header-main-stick-meta":"","header-below-stick-meta":"","astra-migrate-meta-layouts":"set","ast-page-background-enabled":"default","ast-page-background-meta":{"desktop":{"background-color":"var(--ast-global-color-4)","background-image":"","background-repeat":"repeat","background-position":"center center","background-size":"auto","background-attachment":"scroll","background-type":"","background-media":"","overlay-type":"","overlay-color":"","overlay-opacity":"","overlay-gradient":""},"tablet":{"background-color":"","background-image":"","background-repeat":"repeat","background-position":"center center","background-size":"auto","background-attachment":"scroll","background-type":"","background-media":"","overlay-type":"","overlay-color":"","overlay-opacity":"","overlay-gradient":""},"mobile":{"background-color":"","background-image":"","background-repeat":"repeat","background-position":"center center","background-size":"auto","background-attachment":"scroll","background-type":"","background-media":"","overlay-type":"","overlay-color":"","overlay-opacity":"","overlay-gradient":""}},"ast-content-background-meta":{"desktop":{"background-color":"var(--ast-global-color-5)","background-image":"","background-repeat":"repeat","background-position":"center center","background-size":"auto","background-attachment":"scroll","background-type":"","background-media":"","overlay-type":"","overlay-color":"","overlay-opacity":"","overlay-gradient":""},"tablet":{"background-color":"var(--ast-global-color-5)","background-image":"","background-repeat":"repeat","background-position":"center center","background-size":"auto","background-attachment":"scroll","background-type":"","background-media":"","overlay-type":"","overlay-color":"","overlay-opacity":"","overlay-gradient":""},"mobile":{"background-color":"var(--ast-global-color-5)","background-image":"","background-repeat":"repeat","background-position":"center center","background-size":"auto","background-attachment":"scroll","background-type":"","background-media":"","overlay-type":"","overlay-color":"","overlay-opacity":"","overlay-gradient":""}},"ngg_post_thumbnail":0,"footnotes":""},"class_list":["post-493","page","type-page","status-publish","hentry"],"yoast_head":"<!-- This site is optimized with the Yoast SEO plugin v27.4 - https:\/\/yoast.com\/product\/yoast-seo-wordpress\/ -->\n<title>Contacto - Fundaci\u00f3n DIJ<\/title>\n<meta name=\"robots\" content=\"index, follow, max-snippet:-1, max-image-preview:large, max-video-preview:-1\" \/>\n<link rel=\"canonical\" href=\"https:\/\/www.fundaciondijargentina.org\/en\/contacto\/\" \/>\n<meta property=\"og:locale\" content=\"en_US\" \/>\n<meta property=\"og:type\" content=\"article\" \/>\n<meta property=\"og:title\" content=\"Contacto - Fundaci\u00f3n DIJ\" \/>\n<meta property=\"og:description\" content=\"Contacto Por favor h\u00e1ganos llegar sus dudas e inquietudes. Le responderemos a la brevedad Fundaci\u00f3n DIJ Hugo Wast N\u00b0 333, Barrio Alto GorritiSan Salvador de Jujuy (4600), Jujuy, Argentinainfo@fundaciondijargentina.org Tel\u00e9fono: +54 9 3886 85-4370\" \/>\n<meta property=\"og:url\" content=\"https:\/\/www.fundaciondijargentina.org\/en\/contacto\/\" \/>\n<meta property=\"og:site_name\" content=\"Fundaci\u00f3n DIJ\" \/>\n<meta property=\"article:modified_time\" content=\"2023-11-01T15:50:19+00:00\" \/>\n<meta name=\"twitter:card\" content=\"summary_large_image\" \/>\n<meta name=\"twitter:label1\" content=\"Est. reading time\" \/>\n\t<meta name=\"twitter:data1\" content=\"1 minute\" \/>\n<script type=\"application\/ld+json\" class=\"yoast-schema-graph\">{\"@context\":\"https:\\\/\\\/schema.org\",\"@graph\":[{\"@type\":\"WebPage\",\"@id\":\"https:\\\/\\\/www.fundaciondijargentina.org\\\/contacto\\\/\",\"url\":\"https:\\\/\\\/www.fundaciondijargentina.org\\\/contacto\\\/\",\"name\":\"Contacto - Fundaci\u00f3n DIJ\",\"isPartOf\":{\"@id\":\"https:\\\/\\\/www.fundaciondijargentina.org\\\/#website\"},\"datePublished\":\"2023-03-15T22:23:39+00:00\",\"dateModified\":\"2023-11-01T15:50:19+00:00\",\"breadcrumb\":{\"@id\":\"https:\\\/\\\/www.fundaciondijargentina.org\\\/contacto\\\/#breadcrumb\"},\"inLanguage\":\"en-US\",\"potentialAction\":[{\"@type\":\"ReadAction\",\"target\":[\"https:\\\/\\\/www.fundaciondijargentina.org\\\/contacto\\\/\"]}]},{\"@type\":\"BreadcrumbList\",\"@id\":\"https:\\\/\\\/www.fundaciondijargentina.org\\\/contacto\\\/#breadcrumb\",\"itemListElement\":[{\"@type\":\"ListItem\",\"position\":1,\"name\":\"Home\",\"item\":\"https:\\\/\\\/www.fundaciondijargentina.org\\\/\"},{\"@type\":\"ListItem\",\"position\":2,\"name\":\"Contacto\"}]},{\"@type\":\"WebSite\",\"@id\":\"https:\\\/\\\/www.fundaciondijargentina.org\\\/#website\",\"url\":\"https:\\\/\\\/www.fundaciondijargentina.org\\\/\",\"name\":\"Fundaci\u00f3n DIJ\",\"description\":\"Fundaci\u00f3n para el desarrollo de inform\u00e1ticos  de Jujuy\",\"publisher\":{\"@id\":\"https:\\\/\\\/www.fundaciondijargentina.org\\\/#organization\"},\"potentialAction\":[{\"@type\":\"SearchAction\",\"target\":{\"@type\":\"EntryPoint\",\"urlTemplate\":\"https:\\\/\\\/www.fundaciondijargentina.org\\\/?s={search_term_string}\"},\"query-input\":{\"@type\":\"PropertyValueSpecification\",\"valueRequired\":true,\"valueName\":\"search_term_string\"}}],\"inLanguage\":\"en-US\"},{\"@type\":\"Organization\",\"@id\":\"https:\\\/\\\/www.fundaciondijargentina.org\\\/#organization\",\"name\":\"Fundaci\u00f3n DIJ\",\"url\":\"https:\\\/\\\/www.fundaciondijargentina.org\\\/\",\"logo\":{\"@type\":\"ImageObject\",\"inLanguage\":\"en-US\",\"@id\":\"https:\\\/\\\/www.fundaciondijargentina.org\\\/#\\\/schema\\\/logo\\\/image\\\/\",\"url\":\"https:\\\/\\\/i0.wp.com\\\/www.fundaciondijargentina.org\\\/wp-content\\\/uploads\\\/2023\\\/03\\\/Fundacion-DIJ-logo-sm.jpg?fit=80%2C64&ssl=1\",\"contentUrl\":\"https:\\\/\\\/i0.wp.com\\\/www.fundaciondijargentina.org\\\/wp-content\\\/uploads\\\/2023\\\/03\\\/Fundacion-DIJ-logo-sm.jpg?fit=80%2C64&ssl=1\",\"width\":80,\"height\":64,\"caption\":\"Fundaci\u00f3n DIJ\"},\"image\":{\"@id\":\"https:\\\/\\\/www.fundaciondijargentina.org\\\/#\\\/schema\\\/logo\\\/image\\\/\"}}]}<\/script>\n<!-- \/ Yoast SEO plugin. -->","yoast_head_json":{"title":"Contacto - Fundaci\u00f3n DIJ","robots":{"index":"index","follow":"follow","max-snippet":"max-snippet:-1","max-image-preview":"max-image-preview:large","max-video-preview":"max-video-preview:-1"},"canonical":"https:\/\/www.fundaciondijargentina.org\/en\/contacto\/","og_locale":"en_US","og_type":"article","og_title":"Contacto - Fundaci\u00f3n DIJ","og_description":"Contacto Por favor h\u00e1ganos llegar sus dudas e inquietudes. Le responderemos a la brevedad Fundaci\u00f3n DIJ Hugo Wast N\u00b0 333, Barrio Alto GorritiSan Salvador de Jujuy (4600), Jujuy, Argentinainfo@fundaciondijargentina.org Tel\u00e9fono: +54 9 3886 85-4370","og_url":"https:\/\/www.fundaciondijargentina.org\/en\/contacto\/","og_site_name":"Fundaci\u00f3n DIJ","article_modified_time":"2023-11-01T15:50:19+00:00","twitter_card":"summary_large_image","twitter_misc":{"Est. reading time":"1 minute"},"schema":{"@context":"https:\/\/schema.org","@graph":[{"@type":"WebPage","@id":"https:\/\/www.fundaciondijargentina.org\/contacto\/","url":"https:\/\/www.fundaciondijargentina.org\/contacto\/","name":"Contacto - Fundaci\u00f3n DIJ","isPartOf":{"@id":"https:\/\/www.fundaciondijargentina.org\/#website"},"datePublished":"2023-03-15T22:23:39+00:00","dateModified":"2023-11-01T15:50:19+00:00","breadcrumb":{"@id":"https:\/\/www.fundaciondijargentina.org\/contacto\/#breadcrumb"},"inLanguage":"en-US","potentialAction":[{"@type":"ReadAction","target":["https:\/\/www.fundaciondijargentina.org\/contacto\/"]}]},{"@type":"BreadcrumbList","@id":"https:\/\/www.fundaciondijargentina.org\/contacto\/#breadcrumb","itemListElement":[{"@type":"ListItem","position":1,"name":"Home","item":"https:\/\/www.fundaciondijargentina.org\/"},{"@type":"ListItem","position":2,"name":"Contacto"}]},{"@type":"WebSite","@id":"https:\/\/www.fundaciondijargentina.org\/#website","url":"https:\/\/www.fundaciondijargentina.org\/","name":"Fundaci\u00f3n DIJ","description":"Fundaci\u00f3n para el desarrollo de inform\u00e1ticos  de Jujuy","publisher":{"@id":"https:\/\/www.fundaciondijargentina.org\/#organization"},"potentialAction":[{"@type":"SearchAction","target":{"@type":"EntryPoint","urlTemplate":"https:\/\/www.fundaciondijargentina.org\/?s={search_term_string}"},"query-input":{"@type":"PropertyValueSpecification","valueRequired":true,"valueName":"search_term_string"}}],"inLanguage":"en-US"},{"@type":"Organization","@id":"https:\/\/www.fundaciondijargentina.org\/#organization","name":"Fundaci\u00f3n DIJ","url":"https:\/\/www.fundaciondijargentina.org\/","logo":{"@type":"ImageObject","inLanguage":"en-US","@id":"https:\/\/www.fundaciondijargentina.org\/#\/schema\/logo\/image\/","url":"https:\/\/i0.wp.com\/www.fundaciondijargentina.org\/wp-content\/uploads\/2023\/03\/Fundacion-DIJ-logo-sm.jpg?fit=80%2C64&ssl=1","contentUrl":"https:\/\/i0.wp.com\/www.fundaciondijargentina.org\/wp-content\/uploads\/2023\/03\/Fundacion-DIJ-logo-sm.jpg?fit=80%2C64&ssl=1","width":80,"height":64,"caption":"Fundaci\u00f3n DIJ"},"image":{"@id":"https:\/\/www.fundaciondijargentina.org\/#\/schema\/logo\/image\/"}}]}},"uagb_featured_image_src":{"full":false,"thumbnail":false,"medium":false,"medium_large":false,"large":false,"1536x1536":false,"2048x2048":false,"trp-custom-language-flag":false},"uagb_author_info":{"display_name":"info","author_link":"https:\/\/www.fundaciondijargentina.org\/en\/author\/info\/"},"uagb_comment_info":0,"uagb_excerpt":"Contacto Por favor h\u00e1ganos llegar sus dudas e inquietudes. Le responderemos a la brevedad Fundaci\u00f3n DIJ Hugo Wast N\u00b0 333, Barrio Alto GorritiSan Salvador de Jujuy (4600), Jujuy, Argentinainfo@fundaciondijargentina.org Tel\u00e9fono: +54 9 3886 85-4370","jetpack_sharing_enabled":true,"_links":{"self":[{"href":"https:\/\/www.fundaciondijargentina.org\/en\/wp-json\/wp\/v2\/pages\/493","targetHints":{"allow":["GET"]}}],"collection":[{"href":"https:\/\/www.fundaciondijargentina.org\/en\/wp-json\/wp\/v2\/pages"}],"about":[{"href":"https:\/\/www.fundaciondijargentina.org\/en\/wp-json\/wp\/v2\/types\/page"}],"author":[{"embeddable":true,"href":"https:\/\/www.fundaciondijargentina.org\/en\/wp-json\/wp\/v2\/users\/3"}],"replies":[{"embeddable":true,"href":"https:\/\/www.fundaciondijargentina.org\/en\/wp-json\/wp\/v2\/comments?post=493"}],"version-history":[{"count":5,"href":"https:\/\/www.fundaciondijargentina.org\/en\/wp-json\/wp\/v2\/pages\/493\/revisions"}],"predecessor-version":[{"id":672,"href":"https:\/\/www.fundaciondijargentina.org\/en\/wp-json\/wp\/v2\/pages\/493\/revisions\/672"}],"wp:attachment":[{"href":"https:\/\/www.fundaciondijargentina.org\/en\/wp-json\/wp\/v2\/media?parent=493"}],"curies":[{"name":"wp","href":"https:\/\/api.w.org\/{rel}","templated":true}]}}