{"id":10,"date":"2022-07-08T04:34:50","date_gmt":"2022-07-08T04:34:50","guid":{"rendered":"https:\/\/www.fundaciondijargentina.org\/?page_id=10"},"modified":"2025-07-16T14:50:10","modified_gmt":"2025-07-16T14:50:10","slug":"campanas","status":"publish","type":"page","link":"https:\/\/www.fundaciondijargentina.org\/en\/campanas\/","title":{"rendered":"Campa\u00f1as"},"content":{"rendered":"<div class=\"wp-block-uagb-advanced-heading uagb-block-84673969\"><h2 class=\"uagb-heading-text\">Campa\u00f1as<\/h2><div class=\"uagb-separator\"><\/div><\/div>\n\n\n\n<div style=\"height:40px\" aria-hidden=\"true\" class=\"wp-block-spacer\"><\/div>\n\n\n\n<div class=\"wp-block-columns has-background is-layout-flex wp-container-core-columns-is-layout-28f84493 wp-block-columns-is-layout-flex\" style=\"background-color:#e1ebf1\">\n<div class=\"wp-block-column is-layout-flow wp-block-column-is-layout-flow\" style=\"flex-basis:45%\">\n<figure class=\"wp-block-image size-full has-custom-border\"><img data-recalc-dims=\"1\" loading=\"lazy\" decoding=\"async\" width=\"1920\" height=\"640\" src=\"https:\/\/i0.wp.com\/www.fundaciondijargentina.org\/wp-content\/uploads\/2025\/07\/image-1.jpeg?resize=1920%2C640&#038;ssl=1\" alt=\"\" class=\"wp-image-800\" style=\"border-radius:4px;aspect-ratio:16\/9;object-fit:cover\" srcset=\"https:\/\/i0.wp.com\/www.fundaciondijargentina.org\/wp-content\/uploads\/2025\/07\/image-1.jpeg?w=1920&amp;ssl=1 1920w, https:\/\/i0.wp.com\/www.fundaciondijargentina.org\/wp-content\/uploads\/2025\/07\/image-1.jpeg?resize=300%2C100&amp;ssl=1 300w, https:\/\/i0.wp.com\/www.fundaciondijargentina.org\/wp-content\/uploads\/2025\/07\/image-1.jpeg?resize=1024%2C341&amp;ssl=1 1024w, https:\/\/i0.wp.com\/www.fundaciondijargentina.org\/wp-content\/uploads\/2025\/07\/image-1.jpeg?resize=768%2C256&amp;ssl=1 768w, https:\/\/i0.wp.com\/www.fundaciondijargentina.org\/wp-content\/uploads\/2025\/07\/image-1.jpeg?resize=1536%2C512&amp;ssl=1 1536w, https:\/\/i0.wp.com\/www.fundaciondijargentina.org\/wp-content\/uploads\/2025\/07\/image-1.jpeg?resize=18%2C6&amp;ssl=1 18w\" sizes=\"auto, (max-width: 1000px) 100vw, 1000px\" \/><\/figure>\n<\/div>\n\n\n\n<div class=\"wp-block-column is-layout-flow wp-block-column-is-layout-flow\">\n<h4 class=\"wp-block-heading\"><strong>\u00a1La Universidad de Yale se une a nuestro proyecto!<\/strong><\/h4>\n\n\n\n<div class=\"wp-block-group is-layout-flow wp-block-group-is-layout-flow\">\n<p style=\"line-height:1.5\" class=\"\">El s\u00e1bado 26 de julio, llega a Jujuy una delegaci\u00f3n de 41 exalumnos de la Universidad de Yale junto a sus familias para colaborar en un fascinante proyecto en Humahuaca. Invitamos a todos los juje\u00f1os interesados a participar en esta iniciativa que abre las puertas a la econom\u00eda del conocimiento.<\/p>\n<\/div>\n\n\n\n<div class=\"wp-block-buttons is-content-justification-left is-layout-flex wp-container-core-buttons-is-layout-fc4fd283 wp-block-buttons-is-layout-flex\">\n<div class=\"wp-block-button\"><a class=\"wp-block-button__link wp-element-button\" href=\"https:\/\/www.fundaciondijargentina.org\/en\/la-universidad-de-yale-se-une-a-nuestro-proyecto\/\" style=\"border-radius:0px\">Read more<\/a><\/div>\n<\/div>\n<\/div>\n<\/div>\n\n\n\n<div style=\"height:40px\" aria-hidden=\"true\" class=\"wp-block-spacer\"><\/div>\n\n\n\n<div class=\"wp-block-columns has-background is-layout-flex wp-container-core-columns-is-layout-28f84493 wp-block-columns-is-layout-flex\" style=\"background-color:#e1ebf1\">\n<div class=\"wp-block-column is-layout-flow wp-block-column-is-layout-flow\" style=\"flex-basis:45%\">\n<figure class=\"wp-block-image size-full has-custom-border\"><img data-recalc-dims=\"1\" loading=\"lazy\" decoding=\"async\" width=\"960\" height=\"540\" src=\"https:\/\/i0.wp.com\/www.fundaciondijargentina.org\/wp-content\/uploads\/2022\/07\/43412307_2108229472730893_2662717648634118144_n.jpg?resize=960%2C540&#038;ssl=1\" alt=\"\" class=\"wp-image-103\" style=\"border-radius:4px\" srcset=\"https:\/\/i0.wp.com\/www.fundaciondijargentina.org\/wp-content\/uploads\/2022\/07\/43412307_2108229472730893_2662717648634118144_n.jpg?w=960&amp;ssl=1 960w, https:\/\/i0.wp.com\/www.fundaciondijargentina.org\/wp-content\/uploads\/2022\/07\/43412307_2108229472730893_2662717648634118144_n.jpg?resize=300%2C169&amp;ssl=1 300w, https:\/\/i0.wp.com\/www.fundaciondijargentina.org\/wp-content\/uploads\/2022\/07\/43412307_2108229472730893_2662717648634118144_n.jpg?resize=768%2C432&amp;ssl=1 768w\" sizes=\"auto, (max-width: 960px) 100vw, 960px\" \/><\/figure>\n<\/div>\n\n\n\n<div class=\"wp-block-column is-layout-flow wp-block-column-is-layout-flow\">\n<h4 class=\"wp-block-heading\"><strong>Campa\u00f1a Maslow 00<\/strong><\/h4>\n\n\n\n<div class=\"wp-block-group is-layout-flow wp-block-group-is-layout-flow\">\n<p style=\"line-height:1.5\" class=\"\">No es posible garantizar el desarrollo de los j\u00f3venes inform\u00e1ticos juje\u00f1os, sin atender primero a las necesidades b\u00e1sicas establecidas por Maslow (1943).<br><br>Por ello, nuestro primer compromiso es con la alimentaci\u00f3n de nuestros j\u00f3venes para que no tengan que pasar por dificultades nada relacionadas con el estudio ni el desarrollo de sus potencialidades.<br><br>En su primera etapa, la Campa\u00f1a Maslow 00 consiste en la provisi\u00f3n del almuerzo para 100 alumnos de la Facultad de Ingenier\u00eda de la UNJU.<\/p>\n<\/div>\n<\/div>\n<\/div>","protected":false},"excerpt":{"rendered":"<p>Campa\u00f1as \u00a1La Universidad de Yale se une a nuestro proyecto! El s\u00e1bado 26 de julio, llega a Jujuy una delegaci\u00f3n de 41 exalumnos de la Universidad de Yale junto a sus familias para colaborar en un fascinante proyecto en Humahuaca. Invitamos a todos los juje\u00f1os interesados a participar en esta iniciativa que abre las puertas [&hellip;]<\/p>\n","protected":false},"author":3,"featured_media":0,"parent":0,"menu_order":0,"comment_status":"closed","ping_status":"closed","template":"","meta":{"nf_dc_page":"","om_disable_all_campaigns":false,"_uag_custom_page_level_css":"","_monsterinsights_skip_tracking":false,"_monsterinsights_sitenote_active":false,"_monsterinsights_sitenote_note":"","_monsterinsights_sitenote_category":0,"site-sidebar-layout":"default","site-content-layout":"","ast-site-content-layout":"default","site-content-style":"default","site-sidebar-style":"default","ast-global-header-display":"","ast-banner-title-visibility":"","ast-main-header-display":"","ast-hfb-above-header-display":"","ast-hfb-below-header-display":"","ast-hfb-mobile-header-display":"","site-post-title":"disabled","ast-breadcrumbs-content":"","ast-featured-img":"","footer-sml-layout":"","ast-disable-related-posts":"","theme-transparent-header-meta":"","adv-header-id-meta":"","stick-header-meta":"","header-above-stick-meta":"","header-main-stick-meta":"","header-below-stick-meta":"","astra-migrate-meta-layouts":"set","ast-page-background-enabled":"default","ast-page-background-meta":{"desktop":{"background-color":"var(--ast-global-color-4)","background-image":"","background-repeat":"repeat","background-position":"center center","background-size":"auto","background-attachment":"scroll","background-type":"","background-media":"","overlay-type":"","overlay-color":"","overlay-opacity":"","overlay-gradient":""},"tablet":{"background-color":"","background-image":"","background-repeat":"repeat","background-position":"center center","background-size":"auto","background-attachment":"scroll","background-type":"","background-media":"","overlay-type":"","overlay-color":"","overlay-opacity":"","overlay-gradient":""},"mobile":{"background-color":"","background-image":"","background-repeat":"repeat","background-position":"center center","background-size":"auto","background-attachment":"scroll","background-type":"","background-media":"","overlay-type":"","overlay-color":"","overlay-opacity":"","overlay-gradient":""}},"ast-content-background-meta":{"desktop":{"background-color":"var(--ast-global-color-5)","background-image":"","background-repeat":"repeat","background-position":"center center","background-size":"auto","background-attachment":"scroll","background-type":"","background-media":"","overlay-type":"","overlay-color":"","overlay-opacity":"","overlay-gradient":""},"tablet":{"background-color":"var(--ast-global-color-5)","background-image":"","background-repeat":"repeat","background-position":"center center","background-size":"auto","background-attachment":"scroll","background-type":"","background-media":"","overlay-type":"","overlay-color":"","overlay-opacity":"","overlay-gradient":""},"mobile":{"background-color":"var(--ast-global-color-5)","background-image":"","background-repeat":"repeat","background-position":"center center","background-size":"auto","background-attachment":"scroll","background-type":"","background-media":"","overlay-type":"","overlay-color":"","overlay-opacity":"","overlay-gradient":""}},"ngg_post_thumbnail":0,"footnotes":""},"class_list":["post-10","page","type-page","status-publish","hentry"],"yoast_head":"<!-- This site is optimized with the Yoast SEO plugin v27.4 - https:\/\/yoast.com\/product\/yoast-seo-wordpress\/ -->\n<title>Campa\u00f1as - Fundaci\u00f3n DIJ<\/title>\n<meta name=\"robots\" content=\"index, follow, max-snippet:-1, max-image-preview:large, max-video-preview:-1\" \/>\n<link rel=\"canonical\" href=\"https:\/\/www.fundaciondijargentina.org\/en\/campanas\/\" \/>\n<meta property=\"og:locale\" content=\"en_US\" \/>\n<meta property=\"og:type\" content=\"article\" \/>\n<meta property=\"og:title\" content=\"Campa\u00f1as - Fundaci\u00f3n DIJ\" \/>\n<meta property=\"og:description\" content=\"Campa\u00f1as \u00a1La Universidad de Yale se une a nuestro proyecto! El s\u00e1bado 26 de julio, llega a Jujuy una delegaci\u00f3n de 41 exalumnos de la Universidad de Yale junto a sus familias para colaborar en un fascinante proyecto en Humahuaca. Invitamos a todos los juje\u00f1os interesados a participar en esta iniciativa que abre las puertas [&hellip;]\" \/>\n<meta property=\"og:url\" content=\"https:\/\/www.fundaciondijargentina.org\/en\/campanas\/\" \/>\n<meta property=\"og:site_name\" content=\"Fundaci\u00f3n DIJ\" \/>\n<meta property=\"article:modified_time\" content=\"2025-07-16T14:50:10+00:00\" \/>\n<meta property=\"og:image\" content=\"https:\/\/www.fundaciondijargentina.org\/wp-content\/uploads\/2025\/07\/image-1.jpeg\" \/>\n<meta name=\"twitter:card\" content=\"summary_large_image\" \/>\n<meta name=\"twitter:label1\" content=\"Est. reading time\" \/>\n\t<meta name=\"twitter:data1\" content=\"2 minutes\" \/>\n<script type=\"application\/ld+json\" class=\"yoast-schema-graph\">{\"@context\":\"https:\\\/\\\/schema.org\",\"@graph\":[{\"@type\":\"WebPage\",\"@id\":\"https:\\\/\\\/www.fundaciondijargentina.org\\\/campanas\\\/\",\"url\":\"https:\\\/\\\/www.fundaciondijargentina.org\\\/campanas\\\/\",\"name\":\"Campa\u00f1as - Fundaci\u00f3n DIJ\",\"isPartOf\":{\"@id\":\"https:\\\/\\\/www.fundaciondijargentina.org\\\/#website\"},\"primaryImageOfPage\":{\"@id\":\"https:\\\/\\\/www.fundaciondijargentina.org\\\/campanas\\\/#primaryimage\"},\"image\":{\"@id\":\"https:\\\/\\\/www.fundaciondijargentina.org\\\/campanas\\\/#primaryimage\"},\"thumbnailUrl\":\"https:\\\/\\\/www.fundaciondijargentina.org\\\/wp-content\\\/uploads\\\/2025\\\/07\\\/image-1.jpeg\",\"datePublished\":\"2022-07-08T04:34:50+00:00\",\"dateModified\":\"2025-07-16T14:50:10+00:00\",\"breadcrumb\":{\"@id\":\"https:\\\/\\\/www.fundaciondijargentina.org\\\/campanas\\\/#breadcrumb\"},\"inLanguage\":\"en-US\",\"potentialAction\":[{\"@type\":\"ReadAction\",\"target\":[\"https:\\\/\\\/www.fundaciondijargentina.org\\\/campanas\\\/\"]}]},{\"@type\":\"ImageObject\",\"inLanguage\":\"en-US\",\"@id\":\"https:\\\/\\\/www.fundaciondijargentina.org\\\/campanas\\\/#primaryimage\",\"url\":\"https:\\\/\\\/www.fundaciondijargentina.org\\\/wp-content\\\/uploads\\\/2025\\\/07\\\/image-1.jpeg\",\"contentUrl\":\"https:\\\/\\\/www.fundaciondijargentina.org\\\/wp-content\\\/uploads\\\/2025\\\/07\\\/image-1.jpeg\"},{\"@type\":\"BreadcrumbList\",\"@id\":\"https:\\\/\\\/www.fundaciondijargentina.org\\\/campanas\\\/#breadcrumb\",\"itemListElement\":[{\"@type\":\"ListItem\",\"position\":1,\"name\":\"Home\",\"item\":\"https:\\\/\\\/www.fundaciondijargentina.org\\\/\"},{\"@type\":\"ListItem\",\"position\":2,\"name\":\"Campa\u00f1as\"}]},{\"@type\":\"WebSite\",\"@id\":\"https:\\\/\\\/www.fundaciondijargentina.org\\\/#website\",\"url\":\"https:\\\/\\\/www.fundaciondijargentina.org\\\/\",\"name\":\"Fundaci\u00f3n DIJ\",\"description\":\"Fundaci\u00f3n para el desarrollo de inform\u00e1ticos  de Jujuy\",\"publisher\":{\"@id\":\"https:\\\/\\\/www.fundaciondijargentina.org\\\/#organization\"},\"potentialAction\":[{\"@type\":\"SearchAction\",\"target\":{\"@type\":\"EntryPoint\",\"urlTemplate\":\"https:\\\/\\\/www.fundaciondijargentina.org\\\/?s={search_term_string}\"},\"query-input\":{\"@type\":\"PropertyValueSpecification\",\"valueRequired\":true,\"valueName\":\"search_term_string\"}}],\"inLanguage\":\"en-US\"},{\"@type\":\"Organization\",\"@id\":\"https:\\\/\\\/www.fundaciondijargentina.org\\\/#organization\",\"name\":\"Fundaci\u00f3n DIJ\",\"url\":\"https:\\\/\\\/www.fundaciondijargentina.org\\\/\",\"logo\":{\"@type\":\"ImageObject\",\"inLanguage\":\"en-US\",\"@id\":\"https:\\\/\\\/www.fundaciondijargentina.org\\\/#\\\/schema\\\/logo\\\/image\\\/\",\"url\":\"https:\\\/\\\/i0.wp.com\\\/www.fundaciondijargentina.org\\\/wp-content\\\/uploads\\\/2023\\\/03\\\/Fundacion-DIJ-logo-sm.jpg?fit=80%2C64&ssl=1\",\"contentUrl\":\"https:\\\/\\\/i0.wp.com\\\/www.fundaciondijargentina.org\\\/wp-content\\\/uploads\\\/2023\\\/03\\\/Fundacion-DIJ-logo-sm.jpg?fit=80%2C64&ssl=1\",\"width\":80,\"height\":64,\"caption\":\"Fundaci\u00f3n DIJ\"},\"image\":{\"@id\":\"https:\\\/\\\/www.fundaciondijargentina.org\\\/#\\\/schema\\\/logo\\\/image\\\/\"}}]}<\/script>\n<!-- \/ Yoast SEO plugin. -->","yoast_head_json":{"title":"Campa\u00f1as - Fundaci\u00f3n DIJ","robots":{"index":"index","follow":"follow","max-snippet":"max-snippet:-1","max-image-preview":"max-image-preview:large","max-video-preview":"max-video-preview:-1"},"canonical":"https:\/\/www.fundaciondijargentina.org\/en\/campanas\/","og_locale":"en_US","og_type":"article","og_title":"Campa\u00f1as - Fundaci\u00f3n DIJ","og_description":"Campa\u00f1as \u00a1La Universidad de Yale se une a nuestro proyecto! El s\u00e1bado 26 de julio, llega a Jujuy una delegaci\u00f3n de 41 exalumnos de la Universidad de Yale junto a sus familias para colaborar en un fascinante proyecto en Humahuaca. Invitamos a todos los juje\u00f1os interesados a participar en esta iniciativa que abre las puertas [&hellip;]","og_url":"https:\/\/www.fundaciondijargentina.org\/en\/campanas\/","og_site_name":"Fundaci\u00f3n DIJ","article_modified_time":"2025-07-16T14:50:10+00:00","og_image":[{"url":"https:\/\/www.fundaciondijargentina.org\/wp-content\/uploads\/2025\/07\/image-1.jpeg","type":"","width":"","height":""}],"twitter_card":"summary_large_image","twitter_misc":{"Est. reading time":"2 minutes"},"schema":{"@context":"https:\/\/schema.org","@graph":[{"@type":"WebPage","@id":"https:\/\/www.fundaciondijargentina.org\/campanas\/","url":"https:\/\/www.fundaciondijargentina.org\/campanas\/","name":"Campa\u00f1as - Fundaci\u00f3n DIJ","isPartOf":{"@id":"https:\/\/www.fundaciondijargentina.org\/#website"},"primaryImageOfPage":{"@id":"https:\/\/www.fundaciondijargentina.org\/campanas\/#primaryimage"},"image":{"@id":"https:\/\/www.fundaciondijargentina.org\/campanas\/#primaryimage"},"thumbnailUrl":"https:\/\/www.fundaciondijargentina.org\/wp-content\/uploads\/2025\/07\/image-1.jpeg","datePublished":"2022-07-08T04:34:50+00:00","dateModified":"2025-07-16T14:50:10+00:00","breadcrumb":{"@id":"https:\/\/www.fundaciondijargentina.org\/campanas\/#breadcrumb"},"inLanguage":"en-US","potentialAction":[{"@type":"ReadAction","target":["https:\/\/www.fundaciondijargentina.org\/campanas\/"]}]},{"@type":"ImageObject","inLanguage":"en-US","@id":"https:\/\/www.fundaciondijargentina.org\/campanas\/#primaryimage","url":"https:\/\/www.fundaciondijargentina.org\/wp-content\/uploads\/2025\/07\/image-1.jpeg","contentUrl":"https:\/\/www.fundaciondijargentina.org\/wp-content\/uploads\/2025\/07\/image-1.jpeg"},{"@type":"BreadcrumbList","@id":"https:\/\/www.fundaciondijargentina.org\/campanas\/#breadcrumb","itemListElement":[{"@type":"ListItem","position":1,"name":"Home","item":"https:\/\/www.fundaciondijargentina.org\/"},{"@type":"ListItem","position":2,"name":"Campa\u00f1as"}]},{"@type":"WebSite","@id":"https:\/\/www.fundaciondijargentina.org\/#website","url":"https:\/\/www.fundaciondijargentina.org\/","name":"Fundaci\u00f3n DIJ","description":"Fundaci\u00f3n para el desarrollo de inform\u00e1ticos  de Jujuy","publisher":{"@id":"https:\/\/www.fundaciondijargentina.org\/#organization"},"potentialAction":[{"@type":"SearchAction","target":{"@type":"EntryPoint","urlTemplate":"https:\/\/www.fundaciondijargentina.org\/?s={search_term_string}"},"query-input":{"@type":"PropertyValueSpecification","valueRequired":true,"valueName":"search_term_string"}}],"inLanguage":"en-US"},{"@type":"Organization","@id":"https:\/\/www.fundaciondijargentina.org\/#organization","name":"Fundaci\u00f3n DIJ","url":"https:\/\/www.fundaciondijargentina.org\/","logo":{"@type":"ImageObject","inLanguage":"en-US","@id":"https:\/\/www.fundaciondijargentina.org\/#\/schema\/logo\/image\/","url":"https:\/\/i0.wp.com\/www.fundaciondijargentina.org\/wp-content\/uploads\/2023\/03\/Fundacion-DIJ-logo-sm.jpg?fit=80%2C64&ssl=1","contentUrl":"https:\/\/i0.wp.com\/www.fundaciondijargentina.org\/wp-content\/uploads\/2023\/03\/Fundacion-DIJ-logo-sm.jpg?fit=80%2C64&ssl=1","width":80,"height":64,"caption":"Fundaci\u00f3n DIJ"},"image":{"@id":"https:\/\/www.fundaciondijargentina.org\/#\/schema\/logo\/image\/"}}]}},"uagb_featured_image_src":{"full":false,"thumbnail":false,"medium":false,"medium_large":false,"large":false,"1536x1536":false,"2048x2048":false,"trp-custom-language-flag":false},"uagb_author_info":{"display_name":"info","author_link":"https:\/\/www.fundaciondijargentina.org\/en\/author\/info\/"},"uagb_comment_info":0,"uagb_excerpt":"Campa\u00f1as \u00a1La Universidad de Yale se une a nuestro proyecto! El s\u00e1bado 26 de julio, llega a Jujuy una delegaci\u00f3n de 41 exalumnos de la Universidad de Yale junto a sus familias para colaborar en un fascinante proyecto en Humahuaca. Invitamos a todos los juje\u00f1os interesados a participar en esta iniciativa que abre las puertas&hellip;","jetpack_sharing_enabled":true,"_links":{"self":[{"href":"https:\/\/www.fundaciondijargentina.org\/en\/wp-json\/wp\/v2\/pages\/10","targetHints":{"allow":["GET"]}}],"collection":[{"href":"https:\/\/www.fundaciondijargentina.org\/en\/wp-json\/wp\/v2\/pages"}],"about":[{"href":"https:\/\/www.fundaciondijargentina.org\/en\/wp-json\/wp\/v2\/types\/page"}],"author":[{"embeddable":true,"href":"https:\/\/www.fundaciondijargentina.org\/en\/wp-json\/wp\/v2\/users\/3"}],"replies":[{"embeddable":true,"href":"https:\/\/www.fundaciondijargentina.org\/en\/wp-json\/wp\/v2\/comments?post=10"}],"version-history":[{"count":5,"href":"https:\/\/www.fundaciondijargentina.org\/en\/wp-json\/wp\/v2\/pages\/10\/revisions"}],"predecessor-version":[{"id":832,"href":"https:\/\/www.fundaciondijargentina.org\/en\/wp-json\/wp\/v2\/pages\/10\/revisions\/832"}],"wp:attachment":[{"href":"https:\/\/www.fundaciondijargentina.org\/en\/wp-json\/wp\/v2\/media?parent=10"}],"curies":[{"name":"wp","href":"https:\/\/api.w.org\/{rel}","templated":true}]}}